{"id":1670,"date":"2025-12-07T15:51:18","date_gmt":"2025-12-07T15:51:18","guid":{"rendered":"https:\/\/latinautoclub.com\/testimonios\/"},"modified":"2026-01-11T16:11:52","modified_gmt":"2026-01-11T16:11:52","slug":"testimonios","status":"publish","type":"page","link":"https:\/\/latinautoclub.com\/es\/testimonios\/","title":{"rendered":"Testimonios"},"content":{"rendered":"\t\t<div data-elementor-type=\"wp-page\" data-elementor-id=\"1670\" class=\"elementor elementor-1670 elementor-261\" data-elementor-settings=\"{&quot;element_pack_global_tooltip_width&quot;:{&quot;unit&quot;:&quot;px&quot;,&quot;size&quot;:&quot;&quot;,&quot;sizes&quot;:[]},&quot;element_pack_global_tooltip_width_tablet&quot;:{&quot;unit&quot;:&quot;px&quot;,&quot;size&quot;:&quot;&quot;,&quot;sizes&quot;:[]},&quot;element_pack_global_tooltip_width_mobile&quot;:{&quot;unit&quot;:&quot;px&quot;,&quot;size&quot;:&quot;&quot;,&quot;sizes&quot;:[]},&quot;element_pack_global_tooltip_padding&quot;:{&quot;unit&quot;:&quot;px&quot;,&quot;top&quot;:&quot;&quot;,&quot;right&quot;:&quot;&quot;,&quot;bottom&quot;:&quot;&quot;,&quot;left&quot;:&quot;&quot;,&quot;isLinked&quot;:true},&quot;element_pack_global_tooltip_padding_tablet&quot;:{&quot;unit&quot;:&quot;px&quot;,&quot;top&quot;:&quot;&quot;,&quot;right&quot;:&quot;&quot;,&quot;bottom&quot;:&quot;&quot;,&quot;left&quot;:&quot;&quot;,&quot;isLinked&quot;:true},&quot;element_pack_global_tooltip_padding_mobile&quot;:{&quot;unit&quot;:&quot;px&quot;,&quot;top&quot;:&quot;&quot;,&quot;right&quot;:&quot;&quot;,&quot;bottom&quot;:&quot;&quot;,&quot;left&quot;:&quot;&quot;,&quot;isLinked&quot;:true},&quot;element_pack_global_tooltip_border_radius&quot;:{&quot;unit&quot;:&quot;px&quot;,&quot;top&quot;:&quot;&quot;,&quot;right&quot;:&quot;&quot;,&quot;bottom&quot;:&quot;&quot;,&quot;left&quot;:&quot;&quot;,&quot;isLinked&quot;:true},&quot;element_pack_global_tooltip_border_radius_tablet&quot;:{&quot;unit&quot;:&quot;px&quot;,&quot;top&quot;:&quot;&quot;,&quot;right&quot;:&quot;&quot;,&quot;bottom&quot;:&quot;&quot;,&quot;left&quot;:&quot;&quot;,&quot;isLinked&quot;:true},&quot;element_pack_global_tooltip_border_radius_mobile&quot;:{&quot;unit&quot;:&quot;px&quot;,&quot;top&quot;:&quot;&quot;,&quot;right&quot;:&quot;&quot;,&quot;bottom&quot;:&quot;&quot;,&quot;left&quot;:&quot;&quot;,&quot;isLinked&quot;:true}}\">\n\t\t\t\t<div class=\"elementor-element elementor-element-1478f9d e-flex e-con-boxed e-con e-parent\" data-id=\"1478f9d\" data-element_type=\"container\" data-e-type=\"container\">\n\t\t\t\t\t<div class=\"e-con-inner\">\n\t\t<div class=\"elementor-element elementor-element-4be9e24 e-con-full e-flex e-con e-child\" data-id=\"4be9e24\" data-element_type=\"container\" data-e-type=\"container\">\n\t\t\t\t<div class=\"elementor-element elementor-element-f96d074 elementor-widget__width-initial elementor-widget-mobile__width-inherit elementor-invisible elementor-widget elementor-widget-heading\" data-id=\"f96d074\" data-element_type=\"widget\" data-e-type=\"widget\" data-settings=\"{&quot;_animation_delay&quot;:&quot;200&quot;,&quot;_animation&quot;:&quot;fadeInUp&quot;}\" data-widget_type=\"heading.default\">\n\t\t\t\t\t<h2 class=\"elementor-heading-title elementor-size-default\">\u00bfQu\u00e9 nos dijeron los clientes?<\/h2>\t\t\t\t<\/div>\n\t\t\t\t<div class=\"elementor-element elementor-element-e67bc2a elementor-absolute elementor-hidden-tablet elementor-hidden-mobile elementor-view-default elementor-invisible elementor-widget elementor-widget-icon\" data-id=\"e67bc2a\" data-element_type=\"widget\" data-e-type=\"widget\" data-settings=\"{&quot;_position&quot;:&quot;absolute&quot;,&quot;_animation_delay&quot;:&quot;400&quot;,&quot;_animation&quot;:&quot;zoomIn&quot;}\" data-widget_type=\"icon.default\">\n\t\t\t\t\t\t\t<div class=\"elementor-icon-wrapper\">\n\t\t\t<div class=\"elementor-icon\">\n\t\t\t<svg aria-hidden=\"true\" class=\"e-font-icon-svg e-fas-circle\" viewBox=\"0 0 512 512\" xmlns=\"http:\/\/www.w3.org\/2000\/svg\"><path d=\"M256 8C119 8 8 119 8 256s111 248 248 248 248-111 248-248S393 8 256 8z\"><\/path><\/svg>\t\t\t<\/div>\n\t\t<\/div>\n\t\t\t\t\t\t<\/div>\n\t\t\t\t<div class=\"elementor-element elementor-element-29ac2a6 ui-e-layout_2 ui-e-img-inline-yes ui-e-match-height-yes ui-e-animation-circular elementor-invisible elementor-widget elementor-widget-uicore-testimonial-carousel\" data-id=\"29ac2a6\" data-element_type=\"widget\" data-e-type=\"widget\" data-settings=\"{&quot;layout&quot;:&quot;layout_2&quot;,&quot;carousel_gap&quot;:{&quot;unit&quot;:&quot;px&quot;,&quot;size&quot;:40,&quot;sizes&quot;:[]},&quot;slides_per_view&quot;:&quot;2&quot;,&quot;navigation&quot;:&quot;arrows&quot;,&quot;_animation_delay&quot;:&quot;320&quot;,&quot;_animation&quot;:&quot;fadeInRight&quot;,&quot;carousel_gap_tablet&quot;:{&quot;unit&quot;:&quot;px&quot;,&quot;size&quot;:&quot;&quot;,&quot;sizes&quot;:[]},&quot;carousel_gap_mobile&quot;:{&quot;unit&quot;:&quot;px&quot;,&quot;size&quot;:&quot;&quot;,&quot;sizes&quot;:[]},&quot;animation_style&quot;:&quot;circular&quot;,&quot;slides_per_view_tablet&quot;:2,&quot;slides_per_view_mobile&quot;:1,&quot;show_hidden&quot;:&quot;hidden&quot;,&quot;grab_cursor&quot;:&quot;yes&quot;,&quot;loop&quot;:&quot;true&quot;,&quot;overflow_container&quot;:&quot;container&quot;}\" data-widget_type=\"uicore-testimonial-carousel.default\">\n\t\t\t\t\t        <div class=\"ui-e-carousel swiper\">\n            <div class='swiper-wrapper'>\n                \n        <div class=\"ui-e-wrp swiper-slide\">\n                            <div class=\"ui-e-animations-wrp  ui-e-item-anim-translate\">\n                                <div class=\"ui-e-item\">\n                            <div class=\"ui-e-content\">\n\n                            <div class=\"ui-e-testimonial-flex\">\n                            <div class=\"ui-e-testimonial-avatar  ui-avatar-fit\">\n            <img decoding=\"async\" width=\"176\" height=\"113\" src=\"https:\/\/latinautoclub.com\/wp-content\/uploads\/2025\/12\/hispanic-family-car.jpg\" class=\"attachment-full size-full\" alt=\"Pedro\" \/>        <\/div>\n                        <div class=\"ui-e-inner-content\">\n                                            <h4 class=\"ui-e-testimonial-name \">\n                <span>Pedro<\/span>\n            <\/h4>\n                                <div class=\"ui-e-testimonial-job-title \">\n                <span>Propietario de negocio<\/span>\n            <\/div>\n                                <\/div>\n                <\/div>\n\n            \n                                <div class=\"ui-e-testimonial-text ui-e-item-anim-fade\">\n                <p>Nos encanta LAC. Ha sido muy \u00fatil para nuestra familia; mi marido Pedro tiene un peque\u00f1o negocio y llega a casa tarde por las tardes, normalmente cuando la mayor\u00eda de las consultas m\u00e9dicas est\u00e1n cerradas, as\u00ed que si los ni\u00f1os se ponen enfermos, tengo que llevarlos a urgencias: entre 400 y 900 d\u00f3lares por visita. Ahora toda nuestra familia puede utilizar el servicio TelaDoc para hablar con un m\u00e9dico GRATIS en un plazo de 10 a 15 minutos. No hay tarifas exageradas y el m\u00e9dico nos da una receta directamente a una farmacia que utiliza la tarjeta de descuento LAC. Nos encanta este servicio.<\/p>            <\/div>\n                        <\/div>\n\n                    <\/div>\n                                <\/div>\n                    <\/div>\n    \n        <div class=\"ui-e-wrp swiper-slide\">\n                            <div class=\"ui-e-animations-wrp  ui-e-item-anim-translate\">\n                                <div class=\"ui-e-item\">\n                            <div class=\"ui-e-content\">\n\n                            <div class=\"ui-e-testimonial-flex\">\n                            <div class=\"ui-e-testimonial-avatar  ui-avatar-fit\">\n            <img decoding=\"async\" width=\"171\" height=\"113\" src=\"https:\/\/latinautoclub.com\/wp-content\/uploads\/2025\/12\/shutterstock.jpg\" class=\"attachment-full size-full\" alt=\"Jessica Marley\" \/>        <\/div>\n                        <div class=\"ui-e-inner-content\">\n                                            <h4 class=\"ui-e-testimonial-name \">\n                <span>Jessica Marley<\/span>\n            <\/h4>\n                                <div class=\"ui-e-testimonial-job-title \">\n                <span>Doctor<\/span>\n            <\/div>\n                                <\/div>\n                <\/div>\n\n            \n                                <div class=\"ui-e-testimonial-text ui-e-item-anim-fade\">\n                <p>\u00a1Ya era hora de que alguien creara un producto que ayudara a la gente a ahorrar dinero! \u00bfEn serio, estaba pagando m\u00e1s de $3,000 al mes por el seguro de salud de mi familia? Y nunca lo usamos. \u00bfPero cada vez que lo hice, pagu\u00e9 un copago de $40? \u00a1Ahora s\u00f3lo pago $20 al mes por toda la familia! \u00a1Qu\u00e9 ahorro!<\/p><p>Si a\u00fan no te has registrado, est\u00e1s loco. \u00a1Hazlo ahora y ahorra miles de d\u00f3lares al mes!<\/p>            <\/div>\n                        <\/div>\n\n                    <\/div>\n                                <\/div>\n                    <\/div>\n    \n        <div class=\"ui-e-wrp swiper-slide\">\n                            <div class=\"ui-e-animations-wrp  ui-e-item-anim-translate\">\n                                <div class=\"ui-e-item\">\n                            <div class=\"ui-e-content\">\n\n                            <div class=\"ui-e-testimonial-flex\">\n                            <div class=\"ui-e-testimonial-avatar  ui-avatar-fit\">\n            <img decoding=\"async\" width=\"170\" height=\"119\" src=\"https:\/\/latinautoclub.com\/wp-content\/uploads\/2025\/12\/FAM_edited.jpg\" class=\"attachment-full size-full\" alt=\"Marley\" \/>        <\/div>\n                        <div class=\"ui-e-inner-content\">\n                                            <h4 class=\"ui-e-testimonial-name \">\n                <span>Marley<\/span>\n            <\/h4>\n                                <div class=\"ui-e-testimonial-job-title \">\n                <span>Propietario del autom\u00f3vil<\/span>\n            <\/div>\n                                <\/div>\n                <\/div>\n\n            \n                                <div class=\"ui-e-testimonial-text ui-e-item-anim-fade\">\n                <p>Mi esposa llevaba a los ni\u00f1os a casa desde la escuela y el coche tuvo un pinchazo, sin saber que hab\u00eda contratado LAC Motor Club para nuestra familia. Me llam\u00f3 desesperada para preguntarme si pod\u00eda ir a ayudarla a cambiar la llanta. Estaba a m\u00e1s de dos horas de distancia. Con el tr\u00e1fico, habr\u00eda llegado a rescatarla m\u00e1s de tres horas despu\u00e9s de su llamada. Con el tr\u00e1fico, habr\u00eda llegado a rescatarla m\u00e1s de tres horas despu\u00e9s de su llamada. Inicio &#8211; Gracias, LAC<\/p>            <\/div>\n                        <\/div>\n\n                    <\/div>\n                                <\/div>\n                    <\/div>\n    \n        <div class=\"ui-e-wrp swiper-slide\">\n                            <div class=\"ui-e-animations-wrp  ui-e-item-anim-translate\">\n                                <div class=\"ui-e-item\">\n                            <div class=\"ui-e-content\">\n\n                            <div class=\"ui-e-testimonial-flex\">\n                            <div class=\"ui-e-testimonial-avatar  ui-avatar-fit\">\n            <img loading=\"lazy\" decoding=\"async\" width=\"159\" height=\"113\" src=\"https:\/\/latinautoclub.com\/wp-content\/uploads\/2025\/12\/latin-family.png\" class=\"attachment-full size-full\" alt=\"Issica\" \/>        <\/div>\n                        <div class=\"ui-e-inner-content\">\n                                            <h4 class=\"ui-e-testimonial-name \">\n                <span>Issica<\/span>\n            <\/h4>\n                                <div class=\"ui-e-testimonial-job-title \">\n                <span>Student <\/span>\n            <\/div>\n                                <\/div>\n                <\/div>\n\n            \n                                <div class=\"ui-e-testimonial-text ui-e-item-anim-fade\">\n                Somos una familia joven y viajamos con frecuencia. Mi esposa est\u00e1 aqu\u00ed con el programa DACA y no tiene licencia. Sin embargo, ella tiene una licencia de su pa\u00eds. LAC nos proporcion\u00f3 una licencia internacional para que pudiera conducir legalmente, algo que nunca hab\u00eda hecho antes. Ten\u00eda licencia de conducir en los Estados Unidos. Adem\u00e1s, se enferm\u00f3, pero no pod\u00eda obtener un seguro m\u00e9dico a menos que pag\u00e1ramos 400 d\u00f3lares al mes. LAC nos salv\u00f3 la vida.            <\/div>\n                        <\/div>\n\n                    <\/div>\n                                <\/div>\n                    <\/div>\n                <\/div>\n        <\/div>\n                <div class=\"ui-e-button ui-e-carousel-button ui-e-previous\" role=\"button\" aria-label=\"Previous slide\">\n            <svg aria-hidden=\"true\" class=\"e-font-icon-svg e-fas-chevron-left\" viewBox=\"0 0 320 512\" xmlns=\"http:\/\/www.w3.org\/2000\/svg\"><path d=\"M34.52 239.03L228.87 44.69c9.37-9.37 24.57-9.37 33.94 0l22.67 22.67c9.36 9.36 9.37 24.52.04 33.9L131.49 256l154.02 154.75c9.34 9.38 9.32 24.54-.04 33.9l-22.67 22.67c-9.37 9.37-24.57 9.37-33.94 0L34.52 272.97c-9.37-9.37-9.37-24.57 0-33.94z\"><\/path><\/svg>        <\/div>\n        <div class=\"ui-e-button ui-e-carousel-button ui-e-next\" role=\"button\" aria-label=\"Next slide\">\n            <svg aria-hidden=\"true\" class=\"e-font-icon-svg e-fas-chevron-right\" viewBox=\"0 0 320 512\" xmlns=\"http:\/\/www.w3.org\/2000\/svg\"><path d=\"M285.476 272.971L91.132 467.314c-9.373 9.373-24.569 9.373-33.941 0l-22.667-22.667c-9.357-9.357-9.375-24.522-.04-33.901L188.505 256 34.484 101.255c-9.335-9.379-9.317-24.544.04-33.901l22.667-22.667c9.373-9.373 24.569-9.373 33.941 0L285.475 239.03c9.373 9.372 9.373 24.568.001 33.941z\"><\/path><\/svg>        <\/div>\n    \t\t\t\t<\/div>\n\t\t\t\t<\/div>\n\t\t\t\t\t<\/div>\n\t\t\t\t<\/div>\n\t\t\t\t<\/div>\n\t\t","protected":false},"excerpt":{"rendered":"<p>\u00bfQu\u00e9 nos dijeron los clientes? Pedro Propietario de negocio Nos encanta LAC. Ha sido muy \u00fatil para nuestra familia; mi marido Pedro tiene un peque\u00f1o negocio y llega a casa tarde por las tardes, normalmente cuando la mayor\u00eda de las consultas m\u00e9dicas est\u00e1n cerradas, as\u00ed que si los ni\u00f1os se ponen enfermos, tengo que llevarlos [&hellip;]<\/p>\n","protected":false},"author":1,"featured_media":0,"parent":0,"menu_order":0,"comment_status":"closed","ping_status":"closed","template":"","meta":{"footnotes":""},"class_list":["post-1670","page","type-page","status-publish","hentry"],"_hostinger_reach_plugin_has_subscription_block":false,"_hostinger_reach_plugin_is_elementor":false,"_links":{"self":[{"href":"https:\/\/latinautoclub.com\/es\/wp-json\/wp\/v2\/pages\/1670","targetHints":{"allow":["GET"]}}],"collection":[{"href":"https:\/\/latinautoclub.com\/es\/wp-json\/wp\/v2\/pages"}],"about":[{"href":"https:\/\/latinautoclub.com\/es\/wp-json\/wp\/v2\/types\/page"}],"author":[{"embeddable":true,"href":"https:\/\/latinautoclub.com\/es\/wp-json\/wp\/v2\/users\/1"}],"replies":[{"embeddable":true,"href":"https:\/\/latinautoclub.com\/es\/wp-json\/wp\/v2\/comments?post=1670"}],"version-history":[{"count":1,"href":"https:\/\/latinautoclub.com\/es\/wp-json\/wp\/v2\/pages\/1670\/revisions"}],"predecessor-version":[{"id":1671,"href":"https:\/\/latinautoclub.com\/es\/wp-json\/wp\/v2\/pages\/1670\/revisions\/1671"}],"wp:attachment":[{"href":"https:\/\/latinautoclub.com\/es\/wp-json\/wp\/v2\/media?parent=1670"}],"curies":[{"name":"wp","href":"https:\/\/api.w.org\/{rel}","templated":true}]}}