{"id":1649,"date":"2025-12-09T06:43:22","date_gmt":"2025-12-09T06:43:22","guid":{"rendered":"https:\/\/latinautoclub.com\/privacidad\/"},"modified":"2026-01-11T16:08:36","modified_gmt":"2026-01-11T16:08:36","slug":"privacidad","status":"publish","type":"page","link":"https:\/\/latinautoclub.com\/es\/privacidad\/","title":{"rendered":"Privacidad"},"content":{"rendered":"\t\t<div data-elementor-type=\"wp-page\" data-elementor-id=\"1649\" class=\"elementor elementor-1649 elementor-471\" data-elementor-settings=\"{&quot;element_pack_global_tooltip_width&quot;:{&quot;unit&quot;:&quot;px&quot;,&quot;size&quot;:&quot;&quot;,&quot;sizes&quot;:[]},&quot;element_pack_global_tooltip_width_tablet&quot;:{&quot;unit&quot;:&quot;px&quot;,&quot;size&quot;:&quot;&quot;,&quot;sizes&quot;:[]},&quot;element_pack_global_tooltip_width_mobile&quot;:{&quot;unit&quot;:&quot;px&quot;,&quot;size&quot;:&quot;&quot;,&quot;sizes&quot;:[]},&quot;element_pack_global_tooltip_padding&quot;:{&quot;unit&quot;:&quot;px&quot;,&quot;top&quot;:&quot;&quot;,&quot;right&quot;:&quot;&quot;,&quot;bottom&quot;:&quot;&quot;,&quot;left&quot;:&quot;&quot;,&quot;isLinked&quot;:true},&quot;element_pack_global_tooltip_padding_tablet&quot;:{&quot;unit&quot;:&quot;px&quot;,&quot;top&quot;:&quot;&quot;,&quot;right&quot;:&quot;&quot;,&quot;bottom&quot;:&quot;&quot;,&quot;left&quot;:&quot;&quot;,&quot;isLinked&quot;:true},&quot;element_pack_global_tooltip_padding_mobile&quot;:{&quot;unit&quot;:&quot;px&quot;,&quot;top&quot;:&quot;&quot;,&quot;right&quot;:&quot;&quot;,&quot;bottom&quot;:&quot;&quot;,&quot;left&quot;:&quot;&quot;,&quot;isLinked&quot;:true},&quot;element_pack_global_tooltip_border_radius&quot;:{&quot;unit&quot;:&quot;px&quot;,&quot;top&quot;:&quot;&quot;,&quot;right&quot;:&quot;&quot;,&quot;bottom&quot;:&quot;&quot;,&quot;left&quot;:&quot;&quot;,&quot;isLinked&quot;:true},&quot;element_pack_global_tooltip_border_radius_tablet&quot;:{&quot;unit&quot;:&quot;px&quot;,&quot;top&quot;:&quot;&quot;,&quot;right&quot;:&quot;&quot;,&quot;bottom&quot;:&quot;&quot;,&quot;left&quot;:&quot;&quot;,&quot;isLinked&quot;:true},&quot;element_pack_global_tooltip_border_radius_mobile&quot;:{&quot;unit&quot;:&quot;px&quot;,&quot;top&quot;:&quot;&quot;,&quot;right&quot;:&quot;&quot;,&quot;bottom&quot;:&quot;&quot;,&quot;left&quot;:&quot;&quot;,&quot;isLinked&quot;:true}}\">\n\t\t\t\t<div class=\"elementor-element elementor-element-f91c970 e-flex e-con-boxed e-con e-parent\" data-id=\"f91c970\" data-element_type=\"container\" data-e-type=\"container\">\n\t\t\t\t\t<div class=\"e-con-inner\">\n\t\t<div class=\"elementor-element elementor-element-9766be0 e-con-full e-flex e-con e-child\" data-id=\"9766be0\" data-element_type=\"container\" data-e-type=\"container\">\n\t\t<div class=\"elementor-element elementor-element-ac35099 e-con-full e-flex e-con e-child\" data-id=\"ac35099\" data-element_type=\"container\" data-e-type=\"container\">\n\t\t\t\t<div class=\"elementor-element elementor-element-944b04e elementor-widget elementor-widget-heading\" data-id=\"944b04e\" data-element_type=\"widget\" data-e-type=\"widget\" data-widget_type=\"heading.default\">\n\t\t\t\t\t<h1 class=\"elementor-heading-title elementor-size-default\">Condiciones del servicio y pol\u00edtica de privacidad\n<\/h1>\t\t\t\t<\/div>\n\t\t\t\t<\/div>\n\t\t<div class=\"elementor-element elementor-element-9ee390e e-con-full e-flex e-con e-child\" data-id=\"9ee390e\" data-element_type=\"container\" data-e-type=\"container\">\n\t\t\t\t<div class=\"elementor-element elementor-element-057e583 elementor-widget elementor-widget-image\" data-id=\"057e583\" data-element_type=\"widget\" data-e-type=\"widget\" data-widget_type=\"image.default\">\n\t\t\t\t\t\t\t\t\t\t\t\t\t\t\t<img decoding=\"async\" width=\"223\" height=\"88\" src=\"https:\/\/latinautoclub.com\/wp-content\/uploads\/2025\/12\/logo.webp\" class=\"attachment-large size-large wp-image-1494\" alt=\"\" \/>\t\t\t\t\t\t\t\t\t\t\t\t\t\t\t<\/div>\n\t\t\t\t<\/div>\n\t\t\t\t<\/div>\n\t\t<div class=\"elementor-element elementor-element-cec94ef e-con-full e-flex e-con e-child\" data-id=\"cec94ef\" data-element_type=\"container\" data-e-type=\"container\">\n\t\t\t\t<div class=\"elementor-element elementor-element-8e26166 elementor-widget elementor-widget-html\" data-id=\"8e26166\" data-element_type=\"widget\" data-e-type=\"widget\" data-widget_type=\"html.default\">\n\t\t\t\t\t<section>\n  <h3>1. T\u00c9RMINOS<\/h3>\n\n  <h3>AFILIACI\u00d3N<\/h3>\n  <p>\n La membres\u00eda en Discount Auto Club o Latin Auto Club (DAC\/LAC) o Alliance for Affordable Services (Alliance)\nproporciona acceso a beneficios asegurados y no asegurados a cambio del pago de cuotas a la asociaci\u00f3n. DAC\/LAC\ny Alliance no comercializan ni emiten seguros m\u00e9dicos ni ning\u00fan otro tipo de seguro, y la membres\u00eda en DAC\/LAC y Alliance\nno es un contrato de seguro. Las prestaciones sanitarias disponibles entre los paquetes de prestaciones de DAC\/LAC y Alliance, tales como,\nentre otras, prestaciones dentales, medicamentos recetados, pagos por accidente o enfermedad, pagos de seguros m\u00e9dicos y de vida,\nson emitidas por terceros proveedores y est\u00e1n sujetas a los t\u00e9rminos y condiciones de dichos terceros proveedores.  \n  <\/p>\n\n  <h3>VENTAJAS<\/h3>\n  <p>\n Las ventajas de DAC\/LAC &amp; Alliance est\u00e1n disponibles para todos los miembros, pero pueden variar en funci\u00f3n del nivel de afiliaci\u00f3n, la opci\u00f3n del paquete\no el estado de residencia del miembro, y est\u00e1n sujetas a cambios. Pueden aplicarse ciertas limitaciones, reducciones y exclusiones. \n Los proveedores de beneficios se reservan el derecho de retirar o modificar sus ofertas sin previo aviso. Las descripciones de los beneficios se\nhan extra\u00eddo de los materiales de marketing de los proveedores de beneficios, por lo que los miembros deben examinar detenidamente la informaci\u00f3n sobre los beneficios\nantes de elegir cualquiera de ellos. Alliance no realiza ninguna afirmaci\u00f3n ni promesa en relaci\u00f3n con los bienes, servicios o\nbeneficios y, en concreto, renuncia a cualquier garant\u00eda, expresa o impl\u00edcita, en cuanto a la comerciabilidad de los bienes,\nservicios o beneficios o su idoneidad para los fines deseados o esperados por un miembro que elija dicho beneficio.\nPara tener derecho a los beneficios de Alliance, debe ser miembro de pleno derecho y estar al corriente en el pago de las cuotas.  \n  <\/p>\n\n  <h3>2. POL\u00cdTICA DE PRIVACIDAD<\/h3>\n  <p>\n DAC\/LAC &amp; Alliance for Affordable Services respeta la privacidad de los visitantes y miembros de nuestro sitio web. La\nsiguiente declaraci\u00f3n de privacidad se proporciona para que usted comprenda las pr\u00e1cticas de recopilaci\u00f3n y difusi\u00f3n de informaci\u00f3n\nde DAC\/LAC &amp; Alliance. \n  <\/p>\n\n  <h3>LA INFORMACI\u00d3N QUE RECOPILAMOS<\/h3>\n  <p>\n DAC\/LAC &amp; Alliance puede recopilar y\/o rastrear la siguiente informaci\u00f3n de cada visitante del sitio web de DAC\/LAC &amp; Alliance:\nnombres de dominio del servidor dom\u00e9stico, dispositivo utilizado para el acceso, tipo de sistema operativo y navegador web,\ninformaci\u00f3n no espec\u00edfica del usuario sobre las p\u00e1ginas de nuestro sitio web a las que accede o visita, e informaci\u00f3n proporcionada voluntariamente por\nel usuario, como registros en el sitio e informaci\u00f3n de encuestas. Podemos colocar cookies en los discos duros de los visitantes para guardar\ndatos sobre visitantes individuales, como nombre, contrase\u00f1a, nombre de usuario, preferencias de pantalla, p\u00e1ginas visitadas o en las que ha hecho clic\nel visitante. Los visitantes pueden rechazar las cookies utilizando la funci\u00f3n correspondiente de su software web, si est\u00e1 disponible.  \n  <\/p>\n\n  <h3>C\u00d3MO UTILIZAMOS LA INFORMACI\u00d3N<\/h3>\n  <p>\n DAC\/LAC &amp; Alliance may use the information collected to:\n  <\/p>\n  <ul>\n    <li>Mejorar el contenido de nuestro sitio web;<\/li>\n    <li>Analizar las tendencias de uso y medir los datos demogr\u00e1ficos.<\/li>\n    <li>Personalizar el contenido y\/o el dise\u00f1o del sitio para los miembros que hayan iniciado sesi\u00f3n.<\/li>\n    <li>Apoyar el funcionamiento del sitio; y<\/li>\n    <li>Notificar a los miembros sobre las actualizaciones de nuestro sitio web.<\/li>\n  <\/ul>\n  <p>\n La informaci\u00f3n de los miembros puede ponerse a disposici\u00f3n de los proveedores de prestaciones con el fin de determinar la elegibilidad para recibir dichas prestaciones.\n DAC\/LAC &amp; Alliance limita la divulgaci\u00f3n de su informaci\u00f3n a aquellas divulgaciones que est\u00e1n permitidas o exigidas por la ley.\n  <\/p>\n  <p>\n DAC\/LAC &amp; Alliance no vende, alquila ni difunde ninguna informaci\u00f3n personal no p\u00fablica que usted nos haya proporcionado.\nSiempre que un proveedor de beneficios desea promocionar sus servicios entre nuestros miembros, nosotros (1) revisamos y aprobamos los materiales promocionales\ny (2) recibimos los materiales promocionales del proveedor de beneficios y nos encargamos de distribuirlos nosotros mismos.\n  <\/p>\n\n  <h3>RECOPILACI\u00d3N DE INFORMACI\u00d3N POR PARTE DE SITIOS WEB DE TERCEROS O REDES PUBLICITARIAS<\/h3>\n\n  <h3>SITIOS DE TERCEROS<\/h3>\n  <p>\n Los proveedores de prestaciones administran sus propios sitios web a trav\u00e9s de los cuales prestan sus servicios a los miembros de DAC\/LAC y Alliance.\n Cuando un miembro decide aprovechar un servicio, se pone en contacto directamente con el tercero. Estas\nempresas tienen sus propias pr\u00e1cticas de privacidad y recopilaci\u00f3n de datos y no est\u00e1n cubiertas por esta pol\u00edtica. \n  <\/p>\n\n  <h3>REDES PUBLICITARIAS<\/h3>\n  <p>\n DAC\/LAC &amp; Alliance no se asocia ni mantiene relaciones especiales con ninguna empresa de servidores de anuncios. Sujeto a\ncambios sin previo aviso. \n  <\/p>\n\n  <h3>RECOPILACI\u00d3N DE DATOS DE NI\u00d1OS<\/h3>\n  <p>\n Este sitio web no est\u00e1 destinado a ni\u00f1os menores de 13 a\u00f1os. DAC\/LAC &amp; Alliance no recopilar\u00e1\nni publicar\u00e1 deliberadamente informaci\u00f3n sobre ni\u00f1os menores de 13 a\u00f1os sin el consentimiento de sus padres o tutores. \n  <\/p>\n\n  <h3>C\u00d3MO PUEDE ACCEDER O CORREGIR LA INFORMACI\u00d3N<\/h3>\n  <p>\n Los miembros de DAC\/LAC y Alliance tienen acceso y pueden editar la siguiente informaci\u00f3n de la cuenta de miembro desde la\np\u00e1gina \u00abMi cuenta web\u00bb: contrase\u00f1a, direcci\u00f3n de correo electr\u00f3nico, direcci\u00f3n de facturaci\u00f3n y direcci\u00f3n de env\u00edo para pedidos web. Los miembros de DAC\/LAC y\nAlliance tambi\u00e9n pueden ver, pero no editar, la siguiente informaci\u00f3n de la cuenta de miembro: nombre de usuario, n\u00famero de miembro,\ntipo de plan de membres\u00eda, a\u00f1o de creaci\u00f3n de la cuenta e historial de pedidos. \n  <\/p>\n\n  <h3>SEGURIDAD DE SU INFORMACI\u00d3N PERSONAL<\/h3>\n  <p>\n Utilizamos tecnolog\u00edas de cifrado est\u00e1ndar del sector al transferir y recibir datos personales intercambiados con nuestro sitio web. Cuando transferimos y recibimos determinados tipos de informaci\u00f3n confidencial, redirigimos a los visitantes a un servidor seguro. Mantenemos medidas de seguridad adecuadas en nuestras instalaciones f\u00edsicas para ayudar a proteger contra la p\u00e9rdida, el uso indebido o la alteraci\u00f3n de la informaci\u00f3n que hemos recopilado de usted en nuestro sitio web. \n  <\/p>\n\n  <h3>DERECHO DE EXCLUSI\u00d3N VOLUNTARIA<\/h3>\n  <p>\n Los visitantes pueden optar por que DAC\/LAC &amp; Alliance no utilice su informaci\u00f3n personal para enviarles correspondencia promocional o materiales educativos escribiendo a la direcci\u00f3n o llamando al n\u00famero de tel\u00e9fono que figuran a continuaci\u00f3n en horario comercial.\n  <\/p>\n\n  <h3>CAMBIOS EN ESTA DECLARACI\u00d3N<\/h3>\n  <p>\n De vez en cuando, podemos utilizar la informaci\u00f3n de los visitantes y miembros para nuevos usos imprevistos que no se hayan divulgado previamente en nuestro aviso de privacidad. Si nuestras pr\u00e1cticas de informaci\u00f3n cambian, publicaremos los cambios en la pol\u00edtica en nuestro sitio web para notific\u00e1rselo. \n Si le preocupa c\u00f3mo se utiliza su informaci\u00f3n, le recomendamos que consulte peri\u00f3dicamente nuestro sitio web.\n  <\/p>\n  <p>\n Si considera que este sitio web no cumple con la pol\u00edtica de informaci\u00f3n establecida, puede ponerse en contacto con nosotros en la direcci\u00f3n o el n\u00famero de tel\u00e9fono que se indican a continuaci\u00f3n.\n  <\/p>\n\n  <h3>C\u00d3MO CONTACTAR CON NOSOTROS<\/h3>\n  <address>\n    <strong>Discount Auto Club \/ Latin Auto Club<\/strong><br>4533 MacArthur Blvd<br>Newport Beach, CA 92660\n  <\/address>\n\n  <address>\n    <strong>Alianza para Servicios Asequibles<\/strong><br>P.O. Box 612547<br>Dallas, TX 75261-2547\n  <\/address>\n<\/section>\n\n\n\n\n<style>\n    section h3{\n        color:#2651A2;\n    }\n<\/style>\t\t\t\t<\/div>\n\t\t\t\t<\/div>\n\t\t\t\t\t<\/div>\n\t\t\t\t<\/div>\n\t\t\t\t<\/div>\n\t\t","protected":false},"excerpt":{"rendered":"<p>Condiciones del servicio y pol\u00edtica de privacidad 1. T\u00c9RMINOS AFILIACI\u00d3N La membres\u00eda en Discount Auto Club o Latin Auto Club (DAC\/LAC) o Alliance for Affordable Services (Alliance) proporciona acceso a beneficios asegurados y no asegurados a cambio del pago de cuotas a la asociaci\u00f3n. DAC\/LAC y Alliance no comercializan ni emiten seguros m\u00e9dicos ni ning\u00fan [&hellip;]<\/p>\n","protected":false},"author":1,"featured_media":0,"parent":0,"menu_order":0,"comment_status":"closed","ping_status":"closed","template":"","meta":{"footnotes":""},"class_list":["post-1649","page","type-page","status-publish","hentry"],"_hostinger_reach_plugin_has_subscription_block":false,"_hostinger_reach_plugin_is_elementor":false,"_links":{"self":[{"href":"https:\/\/latinautoclub.com\/es\/wp-json\/wp\/v2\/pages\/1649","targetHints":{"allow":["GET"]}}],"collection":[{"href":"https:\/\/latinautoclub.com\/es\/wp-json\/wp\/v2\/pages"}],"about":[{"href":"https:\/\/latinautoclub.com\/es\/wp-json\/wp\/v2\/types\/page"}],"author":[{"embeddable":true,"href":"https:\/\/latinautoclub.com\/es\/wp-json\/wp\/v2\/users\/1"}],"replies":[{"embeddable":true,"href":"https:\/\/latinautoclub.com\/es\/wp-json\/wp\/v2\/comments?post=1649"}],"version-history":[{"count":1,"href":"https:\/\/latinautoclub.com\/es\/wp-json\/wp\/v2\/pages\/1649\/revisions"}],"predecessor-version":[{"id":1650,"href":"https:\/\/latinautoclub.com\/es\/wp-json\/wp\/v2\/pages\/1649\/revisions\/1650"}],"wp:attachment":[{"href":"https:\/\/latinautoclub.com\/es\/wp-json\/wp\/v2\/media?parent=1649"}],"curies":[{"name":"wp","href":"https:\/\/api.w.org\/{rel}","templated":true}]}}