{"id":1579,"date":"2025-12-11T09:09:41","date_gmt":"2025-12-11T09:09:41","guid":{"rendered":"https:\/\/latinautoclub.com\/alliance-direct-benfits\/"},"modified":"2026-01-11T15:36:41","modified_gmt":"2026-01-11T15:36:41","slug":"alliance-direct-benfits","status":"publish","type":"page","link":"https:\/\/latinautoclub.com\/es\/alliance-direct-benfits\/","title":{"rendered":"Alliance Direct Benfits"},"content":{"rendered":"\t\t<div data-elementor-type=\"wp-page\" data-elementor-id=\"1579\" class=\"elementor elementor-1579 elementor-831\" data-elementor-settings=\"{&quot;element_pack_global_tooltip_width&quot;:{&quot;unit&quot;:&quot;px&quot;,&quot;size&quot;:&quot;&quot;,&quot;sizes&quot;:[]},&quot;element_pack_global_tooltip_width_tablet&quot;:{&quot;unit&quot;:&quot;px&quot;,&quot;size&quot;:&quot;&quot;,&quot;sizes&quot;:[]},&quot;element_pack_global_tooltip_width_mobile&quot;:{&quot;unit&quot;:&quot;px&quot;,&quot;size&quot;:&quot;&quot;,&quot;sizes&quot;:[]},&quot;element_pack_global_tooltip_padding&quot;:{&quot;unit&quot;:&quot;px&quot;,&quot;top&quot;:&quot;&quot;,&quot;right&quot;:&quot;&quot;,&quot;bottom&quot;:&quot;&quot;,&quot;left&quot;:&quot;&quot;,&quot;isLinked&quot;:true},&quot;element_pack_global_tooltip_padding_tablet&quot;:{&quot;unit&quot;:&quot;px&quot;,&quot;top&quot;:&quot;&quot;,&quot;right&quot;:&quot;&quot;,&quot;bottom&quot;:&quot;&quot;,&quot;left&quot;:&quot;&quot;,&quot;isLinked&quot;:true},&quot;element_pack_global_tooltip_padding_mobile&quot;:{&quot;unit&quot;:&quot;px&quot;,&quot;top&quot;:&quot;&quot;,&quot;right&quot;:&quot;&quot;,&quot;bottom&quot;:&quot;&quot;,&quot;left&quot;:&quot;&quot;,&quot;isLinked&quot;:true},&quot;element_pack_global_tooltip_border_radius&quot;:{&quot;unit&quot;:&quot;px&quot;,&quot;top&quot;:&quot;&quot;,&quot;right&quot;:&quot;&quot;,&quot;bottom&quot;:&quot;&quot;,&quot;left&quot;:&quot;&quot;,&quot;isLinked&quot;:true},&quot;element_pack_global_tooltip_border_radius_tablet&quot;:{&quot;unit&quot;:&quot;px&quot;,&quot;top&quot;:&quot;&quot;,&quot;right&quot;:&quot;&quot;,&quot;bottom&quot;:&quot;&quot;,&quot;left&quot;:&quot;&quot;,&quot;isLinked&quot;:true},&quot;element_pack_global_tooltip_border_radius_mobile&quot;:{&quot;unit&quot;:&quot;px&quot;,&quot;top&quot;:&quot;&quot;,&quot;right&quot;:&quot;&quot;,&quot;bottom&quot;:&quot;&quot;,&quot;left&quot;:&quot;&quot;,&quot;isLinked&quot;:true}}\">\n\t\t\t\t<div class=\"elementor-element elementor-element-3428ded e-flex e-con-boxed e-con e-parent\" data-id=\"3428ded\" data-element_type=\"container\" data-e-type=\"container\">\n\t\t\t\t\t<div class=\"e-con-inner\">\n\t\t\t\t<div class=\"elementor-element elementor-element-6e66663 elementor-widget elementor-widget-html\" data-id=\"6e66663\" data-element_type=\"widget\" data-e-type=\"widget\" data-widget_type=\"html.default\">\n\t\t\t\t\t<!-- Alliance Benefits \u2014 HTML for WordPress -->\n<div class=\"alliance-benefits\">\n\n  <!-- Required general disclaimer (prominent) -->\n  <div class=\"alliance-disclaimer\" style=\"border-left:4px solid #2b6cb0;padding:12px;margin-bottom:20px;background:#f7fafc;\">\n    <p><strong>NOTA: <\/strong>Los beneficios se actualizan peri\u00f3dicamente y los miembros deben llamar al Servicio de Atenci\u00f3n al Miembro de Alliance al <strong>1-800-733-2242<\/strong> para obtener la informaci\u00f3n m\u00e1s reciente. La disponibilidad de los beneficios depende del nivel de membres\u00eda y del estado de residencia, y puede estar sujeta a cambios. Los beneficios aqu\u00ed descritos se ofrecen a discreci\u00f3n exclusiva de Alliance. Si tiene alguna pregunta sobre la disponibilidad y los detalles de los beneficios, llame al Servicio de Atenci\u00f3n al Miembro de Alliance al <strong>1-800-733-2242.<\/strong>   <\/p>\n  <\/div>\n\n  <!-- Table of contents (optional) -->\n  <nav class=\"alliance-toc\" aria-label=\"Alliance Benefits table of contents\" style=\"margin-bottom:18px;\">\n    <strong>Contenido:<\/strong>\n    <ul>\n      <li><a href=\"#emergency-roadside\">Asistencia en carretera de emergencia<\/a><\/li>\n      <li><a href=\"#stolen-vehicle\">Recompensa por veh\u00edculo robado<\/a><\/li>\n      <li><a href=\"#travel-reimbursement\">Reembolso de asistencia en viaje<\/a><\/li>\n      <li><a href=\"#teladoc\">Teladoc\u2122 Salud<\/a><\/li>\n      <li><a href=\"#global-emergency\">Servicios de emergencia globales<\/a><\/li>\n      <li><a href=\"#id-theft\">Servicios de resoluci\u00f3n de robo de identidad<\/a><\/li>\n      <li><a href=\"#legal-club\">Legal Club\u00ae - Plan familiar<\/a><\/li>\n    <\/ul>\n  <\/nav>\n\n  <!-- Emergency Roadside Assistance -->\n  <section id=\"emergency-roadside\" class=\"benefit-section\" style=\"margin-bottom:22px;\">\n    <h2>Emergency Roadside Assistance<\/h2>\n    <p>Ya sea que tenga una llanta ponchada, la bater\u00eda descargada o haya dejado las llaves dentro del auto, la asistencia en carretera de emergencia est\u00e1 a solo una llamada de distancia. Los miembros simplemente deben llamar al n\u00famero gratuito de despacho para recibir el servicio autorizado \u00absign and go\u00bb (firmar y listo). <\/p>\n\n    <ul>\n      <li>Servicio gratuito las 24 horas desde cualquier lugar de EE. UU., Canad\u00e1 y M\u00e9xico*.<\/li>\n      <li>Los servicios de planificaci\u00f3n de viajes ofrecen rutas personalizadas, gu\u00edas de kilometraje e informaci\u00f3n tur\u00edstica estatal.<\/li>\n      <li><strong>Plan de reembolso por interrupci\u00f3n del viaje:<\/strong> Proporciona hasta 250 d\u00f3lares por miembro (500 d\u00f3lares como m\u00e1ximo) a trav\u00e9s del Plan Motor de la Asociaci\u00f3n si su veh\u00edculo queda inutilizado debido a una colisi\u00f3n que se produzca a 100 millas o m\u00e1s de su domicilio.* Los fondos reembolsan las comidas, el alojamiento, el alquiler de coches y el transporte comercial.<\/li>\n      <li><strong>Servicio de asistencia en carretera de emergencia: <\/strong>cobertura de hasta 125 d\u00f3lares por incidente si su coche sufre una aver\u00eda y los servicios son prestados por un taller mec\u00e1nico, un cerrajero o una gr\u00faa.<\/li>\n    <\/ul>\n\n    <p><strong>Servicios incluidos:<\/strong><\/p>\n    <ul>\n      <li>Towing<\/li>\n      <li>Arranque r\u00e1pido<\/li>\n      <li>Servicio de apertura de puertas<\/li>\n      <li>Rescate con cabrestante<\/li>\n      <li>Suministro de combustible<\/li>\n      <li>Cambio de neum\u00e1ticos<\/li>\n      <li>Entrega\/instalaci\u00f3n de piezas en el lugar de la aver\u00eda.<\/li>\n    <\/ul>\n\n    <p class=\"smallprint\"><em>*Puede que no est\u00e9 disponible o que est\u00e9 limitado en algunos estados. Pueden aplicarse algunas restricciones. El servicio de env\u00edo no est\u00e1 disponible en M\u00e9xico. El servicio de asistencia en carretera de emergencia en M\u00e9xico solo est\u00e1 disponible como prestaci\u00f3n reembolsable. Estos res\u00famenes no constituyen una descripci\u00f3n completa de las prestaciones; consulte el manual de prestaciones y servicios del Plan Motor de la Asociaci\u00f3n para obtener todos los detalles.    <\/em><\/p>\n\n    <p class=\"smallprint\">Coach-Net Motor Club, Inc. se reserva el derecho de denegar los servicios del programa a cualquier miembro de la asociaci\u00f3n en las siguientes condiciones: tergiversaci\u00f3n material o uso excesivo de los beneficios.<\/p>\n\n    <p class=\"smallprint\"><strong>Nota:<\/strong> La prestaci\u00f3n del servicio de asistencia en carretera de emergencia no cubre el coste de neum\u00e1ticos, bater\u00edas, piezas ni gasolina. El servicio de asistencia en carretera para veh\u00edculos del tama\u00f1o de un cami\u00f3n se limita a los camiones de un solo eje trasero. Los camiones de un solo eje trasero, las motos todoterreno y los veh\u00edculos todoterreno quedan excluidos de todas las prestaciones y servicios.  <\/p>\n  <\/section>\n\n  <!-- Stolen Vehicle Reward -->\n  <section id=\"stolen-vehicle\" class=\"benefit-section\" style=\"margin-bottom:22px;\">\n    <h2>Recompensa por veh\u00edculo robado<\/h2>\n    <p>La membres\u00eda le proporcionar\u00e1 una recompensa de hasta <strong>5000,00 $ si le roban<\/strong> el veh\u00edculo. La recompensa tiene como objetivo: <\/p>\n    <ul>\n      <li>Desaliente el robo de su veh\u00edculo.<\/li>\n      <li>Incentive la acci\u00f3n policial cuando le roben su veh\u00edculo.<\/li>\n      <li>Ofrezca un incentivo para condenar al ladr\u00f3n que rob\u00f3 su veh\u00edculo.<\/li>\n    <\/ul>\n\n    <p>La recompensa se pagar\u00e1 al organismo encargado de hacer cumplir la ley o a la persona responsable de la informaci\u00f3n que conduzca al arresto y la condena del ladr\u00f3n. La recompensa se basa en el valor actual de mercado del veh\u00edculo, sin exceder los 5000,00 $. La recompensa <strong>no<\/strong> se pagar\u00e1 al miembro de la Asociaci\u00f3n, a la familia del miembro ni a otras personas que figuren en la membres\u00eda. La recompensa no cubre el vandalismo ni los art\u00edculos robados del interior de su veh\u00edculo.   <\/p>\n\n    <p>Si le roban el veh\u00edculo, denuncie el robo a la polic\u00eda local y p\u00f3ngase en contacto con el Servicio de Atenci\u00f3n al Cliente para obtener un formulario de reclamaci\u00f3n.<\/p>\n  <\/section>\n\n  <!-- Travel Assistance Reimbursement -->\n  <section id=\"travel-reimbursement\" class=\"benefit-section\" style=\"margin-bottom:22px;\">\n    <h2>Reembolso de asistencia en viaje<\/h2>\n    <p>La membres\u00eda reembolsar\u00e1 hasta <strong>250 d\u00f3lares por miembro, 500 d\u00f3lares por incidente,<\/strong> en concepto de gastos de alquiler de veh\u00edculos y de viaje cuando usted conduzca o viaje en un veh\u00edculo que haya quedado inutilizado debido a un accidente con colisi\u00f3n que se produzca a 100 millas o m\u00e1s de distancia de su domicilio. Este reembolso se aplica a los gastos incurridos en los primeros 7 d\u00edas despu\u00e9s de la fecha del accidente por: <\/p>\n\n    <ul>\n      <li>Comidas<\/li>\n      <li>Alojamiento en hotel o motel<\/li>\n      <li>Billetes de avi\u00f3n, autob\u00fas o tren<\/li>\n      <li>Gastos de alquiler de veh\u00edculos (hasta 7 d\u00edas cuando se alquilan en una agencia autorizada en los 30 d\u00edas posteriores al accidente; se excluyen la gasolina y la cobertura opcional).<\/li>\n    <\/ul>\n\n    <p>El accidente debe ser reportado a la polic\u00eda o a la aseguradora del veh\u00edculo. Comun\u00edquese con Servicios para Miembros para obtener un formulario de reclamo. Este plan no se aplica a veh\u00edculos estacionados, aver\u00edas ni fallas mec\u00e1nicas.  <\/p>\n  <\/section>\n\n  <!-- Teladoc -->\n  <section id=\"teladoc\" class=\"benefit-section\" style=\"margin-bottom:22px;\">\n    <h2>Teladoc\u2122 Salud<\/h2>\n    <p>Teladoc Health es una red nacional de m\u00e9dicos certificados por la junta m\u00e9dica de EE. UU. que utilizan consultas telef\u00f3nicas y por v\u00eddeo para diagnosticar, recomendar tratamientos y recetar medicamentos a corto plazo cuando es necesario. Los m\u00e9dicos de Teladoc est\u00e1n disponibles las 24 horas del d\u00eda, los 7 d\u00edas de la semana, los 365 d\u00edas del a\u00f1o, lo que permite a los miembros de Alliance acceder a la atenci\u00f3n m\u00e9dica desde su casa, la oficina o mientras viajan. <\/p>\n\n    <p><strong>Ventajas de Teladoc:<\/strong><\/p>\n    <ul>\n      <li>M\u00e9dicos disponibles 24\/7\/365<\/li>\n      <li>Acceso r\u00e1pido: consulta promedio en 30 minutos<\/li>\n      <li>Diagn\u00f3stico y tratamiento r\u00e1pidos<\/li>\n      <li>Disponible en cualquier lugar<\/li>\n      <li>El m\u00e9dico actualiza el historial m\u00e9dico y mantiene un EHR seguro.<\/li>\n      <li>Atenci\u00f3n sanitaria eficiente y centrada en el paciente.<\/li>\n    <\/ul>\n\n    <p><strong>Llame a Teladoc cuando:<\/strong><\/p>\n    <ul>\n      <li>Su m\u00e9dico de cabecera no est\u00e1 disponible.<\/li>\n      <li>Para atenci\u00f3n m\u00e9dica que no sea de emergencia<\/li>\n      <li>Despu\u00e9s del horario habitual<\/li>\n      <li>Cuando est\u00e1s de vacaciones o en un viaje de negocios<\/li>\n      <li>Para segundas opiniones<\/li>\n    <\/ul>\n\n    <p><strong>Afecciones comunes tratadas: <\/strong>infecciones sinusales, afecciones respiratorias, alergias, bronquitis, dolor de garganta, conjuntivitis, resfriado o gripe.<\/p>\n\n    <p class=\"smallprint\">Las consultas para menores de 18 a\u00f1os deben estar acompa\u00f1adas por un padre, tutor o persona autorizada. Teladoc opera sujeto a la regulaci\u00f3n estatal y puede no estar disponible en ciertos estados. Teladoc no receta sustancias controladas por la DEA, medicamentos no terap\u00e9uticos y ciertos otros medicamentos. Los m\u00e9dicos de Teladoc se reservan el derecho de denegar la atenci\u00f3n por posible uso indebido de los servicios.   <\/p>\n\n    <p class=\"copyright smallprint\">\u00a9 2019 Teladoc, Inc. Todos los derechos reservados. Teladoc y el logotipo de Teladoc son marcas comerciales de Teladoc, Inc. y no pueden utilizarse sin permiso por escrito.  <\/p>\n\n    <p class=\"state-note smallprint\"><em>Las consultas por v\u00eddeo solo en Idaho. En Arkansas y Delaware, la primera visita debe ser por v\u00eddeo y las visitas posteriores pueden ser por tel\u00e9fono o por v\u00eddeo. <\/em><\/p>\n  <\/section>\n\n  <!-- Global Emergency Services -->\n  <section id=\"global-emergency\" class=\"benefit-section\" style=\"margin-bottom:22px;\">\n    <h2>Servicios de emergencia globales<\/h2>\n    <p>Asistencia cuando se viaja a m\u00e1s de 100 millas de distancia del hogar (consulta m\u00e9dica, evacuaci\u00f3n m\u00e9dica de emergencia y m\u00e1s) proporcionada por Assist America para garantizar un viaje sin preocupaciones las 24 horas del d\u00eda, los 7 d\u00edas de la semana, en cualquier parte del mundo.<\/p>\n\n    <ul>\n      <li><strong>Informaci\u00f3n previa al viaje: <\/strong>perfiles de pa\u00edses disponibles en Internet, incluyendo requisitos de visado, recomendaciones sobre vacunas y avisos de seguridad.<\/li>\n      <li><strong>Asistencia en caso de p\u00e9rdida de equipaje o documentos:<\/strong> Ayuda para localizar equipaje, documentos y objetos personales perdidos.<\/li>\n      <li><strong>Interpretes y referencias legales: <\/strong>Referencias a int\u00e9rpretes y\/o personal legal cuando sea necesario.<\/li>\n      <li><strong>Consulta m\u00e9dica, evaluaci\u00f3n y derivaci\u00f3n: <\/strong>Evaluaci\u00f3n por parte de personal m\u00e9dico y derivaci\u00f3n a m\u00e9dicos\/hospitales de formaci\u00f3n occidental que hablan ingl\u00e9s.<\/li>\n      <li><strong>Asistencia para la admisi\u00f3n hospitalaria:<\/strong> Asistencia para validar la cobertura del miembro o adelantar fondos al hospital fuera de los Estados Unidos.<\/li>\n      <li><strong>Evacuaci\u00f3n m\u00e9dica de emergencia:<\/strong> Evacuaci\u00f3n al centro m\u00e1s cercano capaz de proporcionar un alto nivel de atenci\u00f3n cuando los centros locales son inadecuados.<\/li>\n      <li><strong>Asistencia con recetas m\u00e9dicas: <\/strong>Ayuda para obtener recetas m\u00e9dicas de reemplazo durante el viaje.<\/li>\n      <li><strong>Visita por motivos humanitarios: <\/strong>Transporte de ida y vuelta en clase econ\u00f3mica para un familiar o amigo designado cuando el miembro permanece hospitalizado durante m\u00e1s de siete d\u00edas.<\/li>\n      <li><strong>Asistencia para el cuidado de menores: <\/strong>Organizar el cuidado y pagar los gastos de transporte de los ni\u00f1os que se hayan quedado solos debido a una emergencia m\u00e9dica.<\/li>\n    <\/ul>\n\n    <p class=\"smallprint\">Todos los servicios de Assist America est\u00e1n sujetos a las restricciones definidas en el Resumen de transporte m\u00e9dico de Assist America. Todos los servicios deben ser organizados y prestados por Assist America. No se aceptar\u00e1n reclamaciones de reembolso por servicios de asistencia. Alliance se reserva el derecho de retirar o modificar esta oferta sin previo aviso.   <\/p>\n  <\/section>\n\n  <!-- ID Theft -->\n  <section id=\"id-theft\" class=\"benefit-section\" style=\"margin-bottom:22px;\">\n    <h2>Servicios de resoluci\u00f3n de robo de identidad<\/h2>\n    <p>Los miembros tienen acceso a servicios de resoluci\u00f3n de robo de identidad con CyberScout\u00ae y Lifestages\u00ae Identity Management Services. Esto incluye herramientas proactivas y asistencia para la recuperaci\u00f3n a fin de responder a una crisis de identidad o fraude. <\/p>\n\n    <p><strong>Los servicios clave incluyen:<\/strong><\/p>\n    <ul>\n      <li><strong>Servicios proactivos: <\/strong>si se pierde o roban la cartera o el monedero, o si la identidad es vulnerable, un especialista en fraude puede emitir una alerta de fraude (cuando sea apropiado) y proporcionar orientaci\u00f3n.<\/li>\n      <li><strong>Servicios de resoluci\u00f3n: <\/strong>orientaci\u00f3n paso a paso a trav\u00e9s del proceso de resoluci\u00f3n de identidad. Un a\u00f1o de supervisi\u00f3n gratuita contra el fraude para las v\u00edctimas de robo de identidad. <\/li>\n      <li><strong>Asistencia para la sustituci\u00f3n de documentos:<\/strong> Ayuda para sustituir tarjetas de la Seguridad Social, certificados de nacimiento, pasaportes, permisos de conducir, etc.<\/li>\n      <li><strong>Acceso a consejos y herramientas para la protecci\u00f3n de la identidad.<\/strong><\/li>\n    <\/ul>\n\n    <p class=\"smallprint\">Este servicio est\u00e1 incluido en el coste de la suscripci\u00f3n, independientemente de la frecuencia con la que necesite hablar con un especialista en fraude.<\/p>\n  <\/section>\n\n  <!-- Legal Club -->\n  <section id=\"legal-club\" class=\"benefit-section\" style=\"margin-bottom:22px;\">\n    <h2>Legal Club\u00ae - Plan familiar<\/h2>\n    <p>Cuando te haces miembro de Legal Club, t\u00fa y tu familia ten\u00e9is acceso a una red nacional de abogados precalificados. Las referencias se basan en el \u00e1rea del derecho, el idioma hablado y la ubicaci\u00f3n geogr\u00e1fica. <\/p>\n\n    <p><strong>Servicios gratuitos (sujetos a condiciones):<\/strong><\/p>\n    <ul>\n      <li>Consultas iniciales ilimitadas por tel\u00e9fono y en persona para nuevos asuntos legales.<\/li>\n      <li>Revisi\u00f3n de documentos legales independientes (m\u00e1ximo 6 p\u00e1ginas por cada asunto nuevo)<\/li>\n      <li>Preparaci\u00f3n gratuita de testamentos sencillos para usted y su familia.<\/li>\n      <li>Cuando sea apropiado, los abogados del plan realizar\u00e1n las primeras llamadas telef\u00f3nicas y redactar\u00e1n las primeras cartas en su nombre.<\/li>\n    <\/ul>\n\n    <p><strong>Honorarios legales con descuento:<\/strong><\/p>\n    <p>Tarifa por hora con descuento de 125 d\u00f3lares o un 40 % de descuento sobre la tarifa por hora habitual y acostumbrada del abogado del plan, lo que sea mayor, para la asistencia jur\u00eddica ampliada. Las tarifas no incluyen las tasas de presentaci\u00f3n, los costes ni los gastos administrativos. La asistencia jur\u00eddica que exceda los servicios gratuitos y con descuento se cobrar\u00e1 a una tarifa por hora reducida de 125 d\u00f3lares o con un 40 % de descuento sobre la tarifa habitual del abogado (lo que sea mayor).  <\/p>\n\n    <p class=\"smallprint\">En determinadas situaciones, la responsabilidad del abogado puede exigir que los abogados del plan soliciten un anticipo antes de prestar determinados servicios jur\u00eddicos gratuitos.<\/p>\n  <\/section>\n\n  <!-- Footer small print -->\n  <footer class=\"alliance-footer\" style=\"margin-top:18px;border-top:1px solid #e2e8f0;padding-top:12px;\">\n    <p class=\"smallprint\"><em>Estos breves res\u00famenes no constituyen una descripci\u00f3n completa de los beneficios disponibles para los miembros. Consulte los materiales y manuales del plan correspondiente para obtener detalles completos sobre la cobertura y los requisitos de elegibilidad. La disponibilidad de los beneficios puede variar seg\u00fan el estado y el nivel de membres\u00eda, y puede estar sujeta a cambios a discreci\u00f3n exclusiva de Alliance.  <\/em><\/p>\n\n    <p class=\"contact\"><strong>\u00bfPreguntas? <\/strong>Llame al Servicio de Atenci\u00f3n al Miembro de Alliance al <strong>1-800-733-2242.<\/strong><\/p>\n  <\/footer>\n<\/div>\n\t\t\t\t<\/div>\n\t\t\t\t\t<\/div>\n\t\t\t\t<\/div>\n\t\t\t\t<\/div>\n\t\t","protected":false},"excerpt":{"rendered":"<p>NOTA: Los beneficios se actualizan peri\u00f3dicamente y los miembros deben llamar al Servicio de Atenci\u00f3n al Miembro de Alliance al 1-800-733-2242 para obtener la informaci\u00f3n m\u00e1s reciente. La disponibilidad de los beneficios depende del nivel de membres\u00eda y del estado de residencia, y puede estar sujeta a cambios. Los beneficios aqu\u00ed descritos se ofrecen a [&hellip;]<\/p>\n","protected":false},"author":1,"featured_media":0,"parent":0,"menu_order":0,"comment_status":"closed","ping_status":"closed","template":"","meta":{"footnotes":""},"class_list":["post-1579","page","type-page","status-publish","hentry"],"_hostinger_reach_plugin_has_subscription_block":false,"_hostinger_reach_plugin_is_elementor":false,"_links":{"self":[{"href":"https:\/\/latinautoclub.com\/es\/wp-json\/wp\/v2\/pages\/1579","targetHints":{"allow":["GET"]}}],"collection":[{"href":"https:\/\/latinautoclub.com\/es\/wp-json\/wp\/v2\/pages"}],"about":[{"href":"https:\/\/latinautoclub.com\/es\/wp-json\/wp\/v2\/types\/page"}],"author":[{"embeddable":true,"href":"https:\/\/latinautoclub.com\/es\/wp-json\/wp\/v2\/users\/1"}],"replies":[{"embeddable":true,"href":"https:\/\/latinautoclub.com\/es\/wp-json\/wp\/v2\/comments?post=1579"}],"version-history":[{"count":1,"href":"https:\/\/latinautoclub.com\/es\/wp-json\/wp\/v2\/pages\/1579\/revisions"}],"predecessor-version":[{"id":1580,"href":"https:\/\/latinautoclub.com\/es\/wp-json\/wp\/v2\/pages\/1579\/revisions\/1580"}],"wp:attachment":[{"href":"https:\/\/latinautoclub.com\/es\/wp-json\/wp\/v2\/media?parent=1579"}],"curies":[{"name":"wp","href":"https:\/\/api.w.org\/{rel}","templated":true}]}}