{"id":1566,"date":"2025-12-07T15:50:37","date_gmt":"2025-12-07T15:50:37","guid":{"rendered":"https:\/\/latinautoclub.com\/agente\/"},"modified":"2026-01-11T15:17:52","modified_gmt":"2026-01-11T15:17:52","slug":"agente","status":"publish","type":"page","link":"https:\/\/latinautoclub.com\/es\/agente\/","title":{"rendered":"Agente"},"content":{"rendered":"\t\t<div data-elementor-type=\"wp-page\" data-elementor-id=\"1566\" class=\"elementor elementor-1566 elementor-259\" data-elementor-settings=\"{&quot;element_pack_global_tooltip_width&quot;:{&quot;unit&quot;:&quot;px&quot;,&quot;size&quot;:&quot;&quot;,&quot;sizes&quot;:[]},&quot;element_pack_global_tooltip_width_tablet&quot;:{&quot;unit&quot;:&quot;px&quot;,&quot;size&quot;:&quot;&quot;,&quot;sizes&quot;:[]},&quot;element_pack_global_tooltip_width_mobile&quot;:{&quot;unit&quot;:&quot;px&quot;,&quot;size&quot;:&quot;&quot;,&quot;sizes&quot;:[]},&quot;element_pack_global_tooltip_padding&quot;:{&quot;unit&quot;:&quot;px&quot;,&quot;top&quot;:&quot;&quot;,&quot;right&quot;:&quot;&quot;,&quot;bottom&quot;:&quot;&quot;,&quot;left&quot;:&quot;&quot;,&quot;isLinked&quot;:true},&quot;element_pack_global_tooltip_padding_tablet&quot;:{&quot;unit&quot;:&quot;px&quot;,&quot;top&quot;:&quot;&quot;,&quot;right&quot;:&quot;&quot;,&quot;bottom&quot;:&quot;&quot;,&quot;left&quot;:&quot;&quot;,&quot;isLinked&quot;:true},&quot;element_pack_global_tooltip_padding_mobile&quot;:{&quot;unit&quot;:&quot;px&quot;,&quot;top&quot;:&quot;&quot;,&quot;right&quot;:&quot;&quot;,&quot;bottom&quot;:&quot;&quot;,&quot;left&quot;:&quot;&quot;,&quot;isLinked&quot;:true},&quot;element_pack_global_tooltip_border_radius&quot;:{&quot;unit&quot;:&quot;px&quot;,&quot;top&quot;:&quot;&quot;,&quot;right&quot;:&quot;&quot;,&quot;bottom&quot;:&quot;&quot;,&quot;left&quot;:&quot;&quot;,&quot;isLinked&quot;:true},&quot;element_pack_global_tooltip_border_radius_tablet&quot;:{&quot;unit&quot;:&quot;px&quot;,&quot;top&quot;:&quot;&quot;,&quot;right&quot;:&quot;&quot;,&quot;bottom&quot;:&quot;&quot;,&quot;left&quot;:&quot;&quot;,&quot;isLinked&quot;:true},&quot;element_pack_global_tooltip_border_radius_mobile&quot;:{&quot;unit&quot;:&quot;px&quot;,&quot;top&quot;:&quot;&quot;,&quot;right&quot;:&quot;&quot;,&quot;bottom&quot;:&quot;&quot;,&quot;left&quot;:&quot;&quot;,&quot;isLinked&quot;:true}}\">\n\t\t\t\t<div class=\"elementor-element elementor-element-5601cc4 e-flex e-con-boxed e-con e-parent\" data-id=\"5601cc4\" data-element_type=\"container\" data-e-type=\"container\" data-settings=\"{&quot;background_background&quot;:&quot;video&quot;,&quot;background_video_link&quot;:&quot;https:\\\/\\\/latinautoclub.com\\\/wp-content\\\/uploads\\\/2025\\\/12\\\/file-6.mp4&quot;,&quot;background_play_on_mobile&quot;:&quot;yes&quot;}\">\n\t\t\t\t\t<div class=\"e-con-inner\">\n\t\t<div class=\"elementor-background-video-container\">\n\t\t\t\t\t\t\t<video class=\"elementor-background-video-hosted\" role=\"presentation\" autoplay muted playsinline loop><\/video>\n\t\t\t\t\t<\/div><div class=\"elementor-element elementor-element-d5d4dca e-con-full e-flex e-con e-child\" data-id=\"d5d4dca\" data-element_type=\"container\" data-e-type=\"container\" data-settings=\"{&quot;background_background&quot;:&quot;classic&quot;}\">\n\t\t\t\t<div class=\"elementor-element elementor-element-2c8628c elementor-widget elementor-widget-heading\" data-id=\"2c8628c\" data-element_type=\"widget\" data-e-type=\"widget\" data-widget_type=\"heading.default\">\n\t\t\t\t\t<h2 class=\"elementor-heading-title elementor-size-default\">Empresa impulsada por latinos \n<\/h2>\t\t\t\t<\/div>\n\t\t\t\t<div class=\"elementor-element elementor-element-9adad3a elementor-widget elementor-widget-text-editor\" data-id=\"9adad3a\" data-element_type=\"widget\" data-e-type=\"widget\" data-widget_type=\"text-editor.default\">\n\t\t\t\t\t\t\t\t\t<p>Desde 1971, LAC ha sido l\u00edder en el suministro de productos y servicios innovadores al desatendido mercado latino de Estados Unidos y al sector de los seguros. Su producto estrella, la asistencia en carretera 24\/7 Sign and Drive, ha sido aclamado por tener una de las plataformas m\u00e1s avanzadas tecnol\u00f3gicamente e intuitivas del mundo. <\/p><p>Adem\u00e1s de la asistencia en carretera, LAC ofrece productos \u00abespec\u00edficos y especializados\u00bb para todo tipo de clientes individuales en diferentes sectores. Nuestros productos est\u00e1n dise\u00f1ados para cubrir huecos y mejorar la oferta de productos tradicionales. Mantiene el lema \u00abNo importa qui\u00e9n seas\u00bb.  <\/p><p>Durante la reciente crisis econ\u00f3mica, con las desorbitadas tarifas de los seguros m\u00e9dicos y, en algunos casos, la imposibilidad de tener cobertura sanitaria, los productos y servicios de LAC nos permiten ofrecer una diversificaci\u00f3n a todos los latinos y estadounidenses con facilidad y nos han permitido seguir siendo rentables para nuestros clientes. Las industrias que utilizan nuestros productos y servicios prev\u00e9n un gran crecimiento y est\u00e1n bien posicionadas para respaldarlos. <\/p><p>Servimos a la comunidad hispana a trav\u00e9s de nuestra investigaci\u00f3n, an\u00e1lisis de pol\u00edticas y esfuerzos de defensa a nivel estatal y nacional, as\u00ed como en nuestro trabajo program\u00e1tico en comunidades de todo el pa\u00eds. Adem\u00e1s, colaboramos con una red nacional de casi 500 afiliados en todo el pa\u00eds para servir a millones de latinos y no latinos en las \u00e1reas de salud, necesidades automotrices, asuntos legales e inmigraci\u00f3n, y educaci\u00f3n. <\/p><p>Nuestro lema es sencillo: seas quien seas, \u00a1te trataremos como a uno m\u00e1s de la familia!<\/p>\t\t\t\t\t\t\t\t<\/div>\n\t\t<div class=\"elementor-element elementor-element-d709ba7 e-con-full e-flex e-con e-child\" data-id=\"d709ba7\" data-element_type=\"container\" data-e-type=\"container\">\n\t\t\t\t<div class=\"elementor-element elementor-element-45df3f1 elementor-widget elementor-widget-button\" data-id=\"45df3f1\" data-element_type=\"widget\" data-e-type=\"widget\" data-widget_type=\"button.default\">\n\t\t\t\t\t\t\t\t\t\t<a class=\"elementor-button elementor-button-link elementor-size-sm\" href=\"https:\/\/latinautoclub.com\/es\/app-para-agentes\/\">\n\t\t\t\t\t\t<span class=\"elementor-button-content-wrapper\">\n\t\t\t\t\t\t\t\t\t<span class=\"elementor-button-text\">Registro de agente<\/span>\n\t\t\t\t\t<\/span>\n\t\t\t\t\t<\/a>\n\t\t\t\t\t\t\t\t<\/div>\n\t\t\t\t<div class=\"elementor-element elementor-element-d2383e1 elementor-widget elementor-widget-button\" data-id=\"d2383e1\" data-element_type=\"widget\" data-e-type=\"widget\" data-widget_type=\"button.default\">\n\t\t\t\t\t\t\t\t\t\t<a class=\"elementor-button elementor-button-link elementor-size-sm\" href=\"https:\/\/4csr.com\/admin\/login\">\n\t\t\t\t\t\t<span class=\"elementor-button-content-wrapper\">\n\t\t\t\t\t\t\t\t\t<span class=\"elementor-button-text\">Inicio de sesi\u00f3n del agente<\/span>\n\t\t\t\t\t<\/span>\n\t\t\t\t\t<\/a>\n\t\t\t\t\t\t\t\t<\/div>\n\t\t\t\t<\/div>\n\t\t\t\t<\/div>\n\t\t\t\t\t<\/div>\n\t\t\t\t<\/div>\n\t\t\t\t<\/div>\n\t\t","protected":false},"excerpt":{"rendered":"<p>Empresa impulsada por latinos Desde 1971, LAC ha sido l\u00edder en el suministro de productos y servicios innovadores al desatendido mercado latino de Estados Unidos y al sector de los seguros. Su producto estrella, la asistencia en carretera 24\/7 Sign and Drive, ha sido aclamado por tener una de las plataformas m\u00e1s avanzadas tecnol\u00f3gicamente e [&hellip;]<\/p>\n","protected":false},"author":1,"featured_media":0,"parent":0,"menu_order":0,"comment_status":"closed","ping_status":"closed","template":"","meta":{"footnotes":""},"class_list":["post-1566","page","type-page","status-publish","hentry"],"_hostinger_reach_plugin_has_subscription_block":false,"_hostinger_reach_plugin_is_elementor":false,"_links":{"self":[{"href":"https:\/\/latinautoclub.com\/es\/wp-json\/wp\/v2\/pages\/1566","targetHints":{"allow":["GET"]}}],"collection":[{"href":"https:\/\/latinautoclub.com\/es\/wp-json\/wp\/v2\/pages"}],"about":[{"href":"https:\/\/latinautoclub.com\/es\/wp-json\/wp\/v2\/types\/page"}],"author":[{"embeddable":true,"href":"https:\/\/latinautoclub.com\/es\/wp-json\/wp\/v2\/users\/1"}],"replies":[{"embeddable":true,"href":"https:\/\/latinautoclub.com\/es\/wp-json\/wp\/v2\/comments?post=1566"}],"version-history":[{"count":2,"href":"https:\/\/latinautoclub.com\/es\/wp-json\/wp\/v2\/pages\/1566\/revisions"}],"predecessor-version":[{"id":1574,"href":"https:\/\/latinautoclub.com\/es\/wp-json\/wp\/v2\/pages\/1566\/revisions\/1574"}],"wp:attachment":[{"href":"https:\/\/latinautoclub.com\/es\/wp-json\/wp\/v2\/media?parent=1566"}],"curies":[{"name":"wp","href":"https:\/\/api.w.org\/{rel}","templated":true}]}}